{"id":86,"date":"2023-04-10T16:29:40","date_gmt":"2023-04-10T16:29:40","guid":{"rendered":"https:\/\/arketipoic.com\/?page_id=86"},"modified":"2024-04-08T22:07:19","modified_gmt":"2024-04-08T22:07:19","slug":"muros-corporativos","status":"publish","type":"page","link":"https:\/\/arketipoic.com\/?page_id=86","title":{"rendered":"Cubrimientos corporativos"},"content":{"rendered":"\t\t<div data-elementor-type=\"wp-page\" data-elementor-id=\"86\" class=\"elementor elementor-86\">\n\t\t\t\t<div class=\"elementor-element elementor-element-5b43ea9 e-flex e-con-boxed e-con e-parent\" data-id=\"5b43ea9\" data-element_type=\"container\" data-e-type=\"container\">\n\t\t\t\t\t<div class=\"e-con-inner\">\n\t\t<div class=\"elementor-element elementor-element-9198704 e-con-full e-flex e-con e-child\" data-id=\"9198704\" data-element_type=\"container\" data-e-type=\"container\" data-settings=\"{&quot;background_background&quot;:&quot;classic&quot;}\">\n\t\t\t\t<div class=\"elementor-element elementor-element-c1c3152 elementor-widget elementor-widget-text-editor\" data-id=\"c1c3152\" data-element_type=\"widget\" data-e-type=\"widget\" data-widget_type=\"text-editor.default\">\n\t\t\t\t\t\t\t\t\t<p>Cubrimiento en panel de aluminio compuesto<br \/>para Hall de acceso a oficinas. Incluye l\u00ednea de luz led para zona de botoneras.<br \/><i>(Referencia: Chaid Neme &#8211; Remodelaci\u00f3n de oficinas)<\/i><\/p>\t\t\t\t\t\t\t\t<\/div>\n\t\t\t\t<div class=\"elementor-element elementor-element-aa02842 elementor-widget elementor-widget-image\" data-id=\"aa02842\" data-element_type=\"widget\" data-e-type=\"widget\" data-widget_type=\"image.default\">\n\t\t\t\t\t\t\t\t\t\t\t\t\t\t\t<img fetchpriority=\"high\" decoding=\"async\" width=\"525\" height=\"394\" src=\"https:\/\/arketipoic.com\/wp-content\/uploads\/2023\/05\/IMG_3375-1024x768.jpg\" class=\"attachment-large size-large wp-image-730\" alt=\"\" srcset=\"https:\/\/arketipoic.com\/wp-content\/uploads\/2023\/05\/IMG_3375-1024x768.jpg 1024w, https:\/\/arketipoic.com\/wp-content\/uploads\/2023\/05\/IMG_3375-300x225.jpg 300w, https:\/\/arketipoic.com\/wp-content\/uploads\/2023\/05\/IMG_3375-768x576.jpg 768w, https:\/\/arketipoic.com\/wp-content\/uploads\/2023\/05\/IMG_3375-1536x1152.jpg 1536w, https:\/\/arketipoic.com\/wp-content\/uploads\/2023\/05\/IMG_3375-350x263.jpg 350w, https:\/\/arketipoic.com\/wp-content\/uploads\/2023\/05\/IMG_3375.jpg 1600w\" sizes=\"100vw\" \/>\t\t\t\t\t\t\t\t\t\t\t\t\t\t\t<\/div>\n\t\t\t\t<div class=\"elementor-element elementor-element-759960d elementor-widget elementor-widget-image\" data-id=\"759960d\" data-element_type=\"widget\" data-e-type=\"widget\" data-widget_type=\"image.default\">\n\t\t\t\t\t\t\t\t\t\t\t\t\t\t\t<img decoding=\"async\" width=\"525\" height=\"394\" src=\"https:\/\/arketipoic.com\/wp-content\/uploads\/2023\/05\/IMG_3377-1024x768.jpg\" class=\"attachment-large size-large wp-image-729\" alt=\"\" srcset=\"https:\/\/arketipoic.com\/wp-content\/uploads\/2023\/05\/IMG_3377-1024x768.jpg 1024w, https:\/\/arketipoic.com\/wp-content\/uploads\/2023\/05\/IMG_3377-300x225.jpg 300w, https:\/\/arketipoic.com\/wp-content\/uploads\/2023\/05\/IMG_3377-768x576.jpg 768w, https:\/\/arketipoic.com\/wp-content\/uploads\/2023\/05\/IMG_3377-1536x1152.jpg 1536w, https:\/\/arketipoic.com\/wp-content\/uploads\/2023\/05\/IMG_3377-350x263.jpg 350w, https:\/\/arketipoic.com\/wp-content\/uploads\/2023\/05\/IMG_3377.jpg 1600w\" sizes=\"100vw\" \/>\t\t\t\t\t\t\t\t\t\t\t\t\t\t\t<\/div>\n\t\t\t\t<div class=\"elementor-element elementor-element-016049e elementor-widget elementor-widget-image\" data-id=\"016049e\" data-element_type=\"widget\" data-e-type=\"widget\" data-widget_type=\"image.default\">\n\t\t\t\t\t\t\t\t\t\t\t\t\t\t\t<img decoding=\"async\" width=\"525\" height=\"700\" src=\"https:\/\/arketipoic.com\/wp-content\/uploads\/2023\/05\/IMG_3374-768x1024.jpg\" class=\"attachment-large size-large wp-image-728\" alt=\"\" srcset=\"https:\/\/arketipoic.com\/wp-content\/uploads\/2023\/05\/IMG_3374-768x1024.jpg 768w, https:\/\/arketipoic.com\/wp-content\/uploads\/2023\/05\/IMG_3374-225x300.jpg 225w, https:\/\/arketipoic.com\/wp-content\/uploads\/2023\/05\/IMG_3374-1152x1536.jpg 1152w, https:\/\/arketipoic.com\/wp-content\/uploads\/2023\/05\/IMG_3374-350x467.jpg 350w, https:\/\/arketipoic.com\/wp-content\/uploads\/2023\/05\/IMG_3374.jpg 1200w\" sizes=\"100vw\" \/>\t\t\t\t\t\t\t\t\t\t\t\t\t\t\t<\/div>\n\t\t\t\t<\/div>\n\t\t<div class=\"elementor-element elementor-element-1e2faba e-con-full e-flex e-con e-child\" data-id=\"1e2faba\" data-element_type=\"container\" data-e-type=\"container\">\n\t\t\t\t<\/div>\n\t\t\t\t\t<\/div>\n\t\t\t\t<\/div>\n\t\t<div class=\"elementor-element elementor-element-c33e8b6 e-flex e-con-boxed e-con e-parent\" data-id=\"c33e8b6\" data-element_type=\"container\" data-e-type=\"container\">\n\t\t\t\t\t<div class=\"e-con-inner\">\n\t\t<div class=\"elementor-element elementor-element-b73b4a3 e-con-full e-flex e-con e-child\" data-id=\"b73b4a3\" data-element_type=\"container\" data-e-type=\"container\" data-settings=\"{&quot;background_background&quot;:&quot;classic&quot;}\">\n\t\t\t\t<div class=\"elementor-element elementor-element-1a5ac0d elementor-widget elementor-widget-text-editor\" data-id=\"1a5ac0d\" data-element_type=\"widget\" data-e-type=\"widget\" data-widget_type=\"text-editor.default\">\n\t\t\t\t\t\t\t\t\t<p>Cubrimiento en panel de aluminio compuesto<br \/>con im\u00e1genes iluminadas intercambiables<br \/>para Lobby de acceso a oficinas.<br \/><em>(Referencia: Corona &#8211; Remodelaci\u00f3n de oficinas)<\/em><\/p>\t\t\t\t\t\t\t\t<\/div>\n\t\t\t\t<div class=\"elementor-element elementor-element-d63dba9 elementor-widget elementor-widget-image\" data-id=\"d63dba9\" data-element_type=\"widget\" data-e-type=\"widget\" data-widget_type=\"image.default\">\n\t\t\t\t\t\t\t\t\t\t\t\t\t\t\t<img loading=\"lazy\" decoding=\"async\" width=\"525\" height=\"394\" src=\"https:\/\/arketipoic.com\/wp-content\/uploads\/2023\/05\/Aug0207.jpg\" class=\"attachment-large size-large wp-image-727\" alt=\"\" srcset=\"https:\/\/arketipoic.com\/wp-content\/uploads\/2023\/05\/Aug0207.jpg 1024w, https:\/\/arketipoic.com\/wp-content\/uploads\/2023\/05\/Aug0207-300x225.jpg 300w, https:\/\/arketipoic.com\/wp-content\/uploads\/2023\/05\/Aug0207-768x576.jpg 768w, https:\/\/arketipoic.com\/wp-content\/uploads\/2023\/05\/Aug0207-350x263.jpg 350w\" sizes=\"100vw\" \/>\t\t\t\t\t\t\t\t\t\t\t\t\t\t\t<\/div>\n\t\t\t\t<div class=\"elementor-element elementor-element-1d89293 elementor-widget elementor-widget-image\" data-id=\"1d89293\" data-element_type=\"widget\" data-e-type=\"widget\" data-widget_type=\"image.default\">\n\t\t\t\t\t\t\t\t\t\t\t\t\t\t\t<img loading=\"lazy\" decoding=\"async\" width=\"525\" height=\"394\" src=\"https:\/\/arketipoic.com\/wp-content\/uploads\/2023\/05\/Aug0208.jpg\" class=\"attachment-large size-large wp-image-726\" alt=\"\" srcset=\"https:\/\/arketipoic.com\/wp-content\/uploads\/2023\/05\/Aug0208.jpg 1024w, https:\/\/arketipoic.com\/wp-content\/uploads\/2023\/05\/Aug0208-300x225.jpg 300w, https:\/\/arketipoic.com\/wp-content\/uploads\/2023\/05\/Aug0208-768x576.jpg 768w, https:\/\/arketipoic.com\/wp-content\/uploads\/2023\/05\/Aug0208-350x263.jpg 350w\" sizes=\"100vw\" \/>\t\t\t\t\t\t\t\t\t\t\t\t\t\t\t<\/div>\n\t\t\t\t<\/div>\n\t\t<div class=\"elementor-element elementor-element-8423b25 e-con-full e-flex e-con e-child\" data-id=\"8423b25\" data-element_type=\"container\" data-e-type=\"container\">\n\t\t\t\t<\/div>\n\t\t\t\t\t<\/div>\n\t\t\t\t<\/div>\n\t\t<div class=\"elementor-element elementor-element-573eb97 e-flex e-con-boxed e-con e-parent\" data-id=\"573eb97\" data-element_type=\"container\" data-e-type=\"container\">\n\t\t\t\t\t<div class=\"e-con-inner\">\n\t\t<div class=\"elementor-element elementor-element-f09ab9d e-con-full e-flex e-con e-child\" data-id=\"f09ab9d\" data-element_type=\"container\" data-e-type=\"container\" data-settings=\"{&quot;background_background&quot;:&quot;classic&quot;}\">\n\t\t\t\t<div class=\"elementor-element elementor-element-642b8b8 elementor-widget elementor-widget-text-editor\" data-id=\"642b8b8\" data-element_type=\"widget\" data-e-type=\"widget\" data-widget_type=\"text-editor.default\">\n\t\t\t\t\t\t\t\t\t<p>Cubrimiento exterior en panel de aluminio<br>compuesto con vinilo adhesivo premium<br>tinta l\u00e1tex y microperforado para ventanales<br>laterales.<br><em>(Referencia: MOVET &#8211; Apertura Bogot\u00e1)<\/em><\/p>\t\t\t\t\t\t\t\t<\/div>\n\t\t\t\t<div class=\"elementor-element elementor-element-6945417 elementor-widget elementor-widget-image\" data-id=\"6945417\" data-element_type=\"widget\" data-e-type=\"widget\" data-widget_type=\"image.default\">\n\t\t\t\t\t\t\t\t\t\t\t\t\t\t\t<img loading=\"lazy\" decoding=\"async\" width=\"525\" height=\"394\" src=\"https:\/\/arketipoic.com\/wp-content\/uploads\/2023\/05\/b2c8b5ca-cbb3-41c7-b79a-ee43b8c59a0f-1024x769.jpg\" class=\"attachment-large size-large wp-image-1045\" alt=\"\" srcset=\"https:\/\/arketipoic.com\/wp-content\/uploads\/2023\/05\/b2c8b5ca-cbb3-41c7-b79a-ee43b8c59a0f-1024x769.jpg 1024w, https:\/\/arketipoic.com\/wp-content\/uploads\/2023\/05\/b2c8b5ca-cbb3-41c7-b79a-ee43b8c59a0f-300x225.jpg 300w, https:\/\/arketipoic.com\/wp-content\/uploads\/2023\/05\/b2c8b5ca-cbb3-41c7-b79a-ee43b8c59a0f-768x576.jpg 768w, https:\/\/arketipoic.com\/wp-content\/uploads\/2023\/05\/b2c8b5ca-cbb3-41c7-b79a-ee43b8c59a0f-1536x1153.jpg 1536w, https:\/\/arketipoic.com\/wp-content\/uploads\/2023\/05\/b2c8b5ca-cbb3-41c7-b79a-ee43b8c59a0f-350x263.jpg 350w, https:\/\/arketipoic.com\/wp-content\/uploads\/2023\/05\/b2c8b5ca-cbb3-41c7-b79a-ee43b8c59a0f.jpg 1600w\" sizes=\"100vw\" \/>\t\t\t\t\t\t\t\t\t\t\t\t\t\t\t<\/div>\n\t\t\t\t<\/div>\n\t\t<div class=\"elementor-element elementor-element-b3bc524 e-con-full e-flex e-con e-child\" data-id=\"b3bc524\" data-element_type=\"container\" data-e-type=\"container\">\n\t\t\t\t<\/div>\n\t\t\t\t\t<\/div>\n\t\t\t\t<\/div>\n\t\t<div class=\"elementor-element elementor-element-500407c e-flex e-con-boxed e-con e-parent\" data-id=\"500407c\" data-element_type=\"container\" data-e-type=\"container\">\n\t\t\t\t\t<div class=\"e-con-inner\">\n\t\t\t\t<div class=\"elementor-element elementor-element-1dbca1d elementor-fixed elementor-view-default elementor-invisible elementor-widget elementor-widget-icon\" data-id=\"1dbca1d\" data-element_type=\"widget\" data-e-type=\"widget\" data-settings=\"{&quot;_position&quot;:&quot;fixed&quot;,&quot;_animation&quot;:&quot;bounce&quot;}\" data-widget_type=\"icon.default\">\n\t\t\t\t\t\t\t<div class=\"elementor-icon-wrapper\">\n\t\t\t<a class=\"elementor-icon\" href=\"https:\/\/wa.link\/8gz1p8\">\n\t\t\t<svg aria-hidden=\"true\" class=\"e-font-icon-svg e-fab-whatsapp-square\" viewBox=\"0 0 448 512\" xmlns=\"http:\/\/www.w3.org\/2000\/svg\"><path d=\"M224 122.8c-72.7 0-131.8 59.1-131.9 131.8 0 24.9 7 49.2 20.2 70.1l3.1 5-13.3 48.6 49.9-13.1 4.8 2.9c20.2 12 43.4 18.4 67.1 18.4h.1c72.6 0 133.3-59.1 133.3-131.8 0-35.2-15.2-68.3-40.1-93.2-25-25-58-38.7-93.2-38.7zm77.5 188.4c-3.3 9.3-19.1 17.7-26.7 18.8-12.6 1.9-22.4.9-47.5-9.9-39.7-17.2-65.7-57.2-67.7-59.8-2-2.6-16.2-21.5-16.2-41s10.2-29.1 13.9-33.1c3.6-4 7.9-5 10.6-5 2.6 0 5.3 0 7.6.1 2.4.1 5.7-.9 8.9 6.8 3.3 7.9 11.2 27.4 12.2 29.4s1.7 4.3.3 6.9c-7.6 15.2-15.7 14.6-11.6 21.6 15.3 26.3 30.6 35.4 53.9 47.1 4 2 6.3 1.7 8.6-1 2.3-2.6 9.9-11.6 12.5-15.5 2.6-4 5.3-3.3 8.9-2 3.6 1.3 23.1 10.9 27.1 12.9s6.6 3 7.6 4.6c.9 1.9.9 9.9-2.4 19.1zM400 32H48C21.5 32 0 53.5 0 80v352c0 26.5 21.5 48 48 48h352c26.5 0 48-21.5 48-48V80c0-26.5-21.5-48-48-48zM223.9 413.2c-26.6 0-52.7-6.7-75.8-19.3L64 416l22.5-82.2c-13.9-24-21.2-51.3-21.2-79.3C65.4 167.1 136.5 96 223.9 96c42.4 0 82.2 16.5 112.2 46.5 29.9 30 47.9 69.8 47.9 112.2 0 87.4-72.7 158.5-160.1 158.5z\"><\/path><\/svg>\t\t\t<\/a>\n\t\t<\/div>\n\t\t\t\t\t\t<\/div>\n\t\t\t\t\t<\/div>\n\t\t\t\t<\/div>\n\t\t\t\t<\/div>\n\t\t","protected":false},"excerpt":{"rendered":"<p>Cubrimiento en panel de aluminio compuestopara Hall de acceso a oficinas. Incluye l\u00ednea de luz led para zona de botoneras.(Referencia: Chaid Neme &#8211; Remodelaci\u00f3n de oficinas) Cubrimiento en panel de aluminio compuestocon im\u00e1genes iluminadas intercambiablespara Lobby de acceso a oficinas.(Referencia: Corona &#8211; Remodelaci\u00f3n de oficinas) Cubrimiento exterior en panel de aluminiocompuesto con vinilo adhesivo premiumtinta &hellip; <\/p>\n<p class=\"link-more\"><a href=\"https:\/\/arketipoic.com\/?page_id=86\" class=\"more-link\">Continuar leyendo<span class=\"screen-reader-text\"> &#8220;Cubrimientos corporativos&#8221;<\/span><\/a><\/p>\n","protected":false},"author":1,"featured_media":0,"parent":0,"menu_order":0,"comment_status":"closed","ping_status":"closed","template":"","meta":{"om_disable_all_campaigns":false,"_monsterinsights_skip_tracking":false,"_monsterinsights_sitenote_active":false,"_monsterinsights_sitenote_note":"","_monsterinsights_sitenote_category":0,"footnotes":""},"class_list":["post-86","page","type-page","status-publish","hentry"],"aioseo_notices":[],"_links":{"self":[{"href":"https:\/\/arketipoic.com\/index.php?rest_route=\/wp\/v2\/pages\/86"}],"collection":[{"href":"https:\/\/arketipoic.com\/index.php?rest_route=\/wp\/v2\/pages"}],"about":[{"href":"https:\/\/arketipoic.com\/index.php?rest_route=\/wp\/v2\/types\/page"}],"author":[{"embeddable":true,"href":"https:\/\/arketipoic.com\/index.php?rest_route=\/wp\/v2\/users\/1"}],"replies":[{"embeddable":true,"href":"https:\/\/arketipoic.com\/index.php?rest_route=%2Fwp%2Fv2%2Fcomments&post=86"}],"version-history":[{"count":45,"href":"https:\/\/arketipoic.com\/index.php?rest_route=\/wp\/v2\/pages\/86\/revisions"}],"predecessor-version":[{"id":1772,"href":"https:\/\/arketipoic.com\/index.php?rest_route=\/wp\/v2\/pages\/86\/revisions\/1772"}],"wp:attachment":[{"href":"https:\/\/arketipoic.com\/index.php?rest_route=%2Fwp%2Fv2%2Fmedia&parent=86"}],"curies":[{"name":"wp","href":"https:\/\/api.w.org\/{rel}","templated":true}]}}