{"id":632,"date":"2023-04-25T16:29:23","date_gmt":"2023-04-25T16:29:23","guid":{"rendered":"https:\/\/arketipoic.com\/?page_id=632"},"modified":"2024-04-08T22:10:12","modified_gmt":"2024-04-08T22:10:12","slug":"pisos","status":"publish","type":"page","link":"https:\/\/arketipoic.com\/?page_id=632","title":{"rendered":"Pisos"},"content":{"rendered":"\t\t<div data-elementor-type=\"wp-page\" data-elementor-id=\"632\" class=\"elementor elementor-632\">\n\t\t\t\t<div class=\"elementor-element elementor-element-0094e82 e-flex e-con-boxed e-con e-parent\" data-id=\"0094e82\" data-element_type=\"container\" data-e-type=\"container\">\n\t\t\t\t\t<div class=\"e-con-inner\">\n\t\t<div class=\"elementor-element elementor-element-389094a e-con-full e-flex e-con e-child\" data-id=\"389094a\" data-element_type=\"container\" data-e-type=\"container\" data-settings=\"{&quot;background_background&quot;:&quot;classic&quot;}\">\n\t\t\t\t<div class=\"elementor-element elementor-element-5516fed elementor-widget elementor-widget-text-editor\" data-id=\"5516fed\" data-element_type=\"widget\" data-e-type=\"widget\" data-widget_type=\"text-editor.default\">\n\t\t\t\t\t\t\t\t\t<p>Impresi\u00f3n digital laminado tipo<br \/>Floor Graphics.<br \/><em>(Referencia: 3M Scotchcal Floor grpaphics)<\/em><\/p>\t\t\t\t\t\t\t\t<\/div>\n\t\t\t\t<div class=\"elementor-element elementor-element-01b2748 elementor-widget elementor-widget-image\" data-id=\"01b2748\" data-element_type=\"widget\" data-e-type=\"widget\" data-widget_type=\"image.default\">\n\t\t\t\t\t\t\t\t\t\t\t\t\t\t\t<img fetchpriority=\"high\" decoding=\"async\" width=\"525\" height=\"350\" src=\"https:\/\/arketipoic.com\/wp-content\/uploads\/2023\/05\/3m_3649.png\" class=\"attachment-large size-large wp-image-1099\" alt=\"\" srcset=\"https:\/\/arketipoic.com\/wp-content\/uploads\/2023\/05\/3m_3649.png 825w, https:\/\/arketipoic.com\/wp-content\/uploads\/2023\/05\/3m_3649-300x200.png 300w, https:\/\/arketipoic.com\/wp-content\/uploads\/2023\/05\/3m_3649-768x512.png 768w, https:\/\/arketipoic.com\/wp-content\/uploads\/2023\/05\/3m_3649-350x233.png 350w\" sizes=\"100vw\" \/>\t\t\t\t\t\t\t\t\t\t\t\t\t\t\t<\/div>\n\t\t\t\t<\/div>\n\t\t<div class=\"elementor-element elementor-element-12060af e-con-full e-flex e-con e-child\" data-id=\"12060af\" data-element_type=\"container\" data-e-type=\"container\">\n\t\t\t\t<\/div>\n\t\t\t\t\t<\/div>\n\t\t\t\t<\/div>\n\t\t<div class=\"elementor-element elementor-element-49851de e-flex e-con-boxed e-con e-parent\" data-id=\"49851de\" data-element_type=\"container\" data-e-type=\"container\">\n\t\t\t\t\t<div class=\"e-con-inner\">\n\t\t<div class=\"elementor-element elementor-element-12c5b1f e-con-full e-flex e-con e-child\" data-id=\"12c5b1f\" data-element_type=\"container\" data-e-type=\"container\" data-settings=\"{&quot;background_background&quot;:&quot;classic&quot;}\">\n\t\t\t\t<div class=\"elementor-element elementor-element-3d1bd4c elementor-widget elementor-widget-text-editor\" data-id=\"3d1bd4c\" data-element_type=\"widget\" data-e-type=\"widget\" data-widget_type=\"text-editor.default\">\n\t\t\t\t\t\t\t\t\t<p>Se\u00f1alizaci\u00f3n Podot\u00e1ctil.<br \/><em>(Referencia: EMAC Novotop Access)<\/em><\/p>\t\t\t\t\t\t\t\t<\/div>\n\t\t\t\t<div class=\"elementor-element elementor-element-b95654d elementor-widget elementor-widget-image\" data-id=\"b95654d\" data-element_type=\"widget\" data-e-type=\"widget\" data-widget_type=\"image.default\">\n\t\t\t\t\t\t\t\t\t\t\t\t\t\t\t<img decoding=\"async\" width=\"320\" height=\"320\" src=\"https:\/\/arketipoic.com\/wp-content\/uploads\/2023\/05\/f32132a2-769b-4753-8a5c-ed38c57b466f.jpg\" class=\"attachment-large size-large wp-image-1100\" alt=\"\" srcset=\"https:\/\/arketipoic.com\/wp-content\/uploads\/2023\/05\/f32132a2-769b-4753-8a5c-ed38c57b466f.jpg 320w, https:\/\/arketipoic.com\/wp-content\/uploads\/2023\/05\/f32132a2-769b-4753-8a5c-ed38c57b466f-300x300.jpg 300w, https:\/\/arketipoic.com\/wp-content\/uploads\/2023\/05\/f32132a2-769b-4753-8a5c-ed38c57b466f-150x150.jpg 150w, https:\/\/arketipoic.com\/wp-content\/uploads\/2023\/05\/f32132a2-769b-4753-8a5c-ed38c57b466f-100x100.jpg 100w, https:\/\/arketipoic.com\/wp-content\/uploads\/2023\/05\/f32132a2-769b-4753-8a5c-ed38c57b466f-250x250.jpg 250w\" sizes=\"100vw\" \/>\t\t\t\t\t\t\t\t\t\t\t\t\t\t\t<\/div>\n\t\t\t\t<\/div>\n\t\t<div class=\"elementor-element elementor-element-e910918 e-con-full e-flex e-con e-child\" data-id=\"e910918\" data-element_type=\"container\" data-e-type=\"container\">\n\t\t\t\t<\/div>\n\t\t\t\t\t<\/div>\n\t\t\t\t<\/div>\n\t\t<div class=\"elementor-element elementor-element-66ac331 e-flex e-con-boxed e-con e-parent\" data-id=\"66ac331\" data-element_type=\"container\" data-e-type=\"container\">\n\t\t\t\t\t<div class=\"e-con-inner\">\n\t\t<div class=\"elementor-element elementor-element-da6b8f0 e-con-full e-flex e-con e-child\" data-id=\"da6b8f0\" data-element_type=\"container\" data-e-type=\"container\" data-settings=\"{&quot;background_background&quot;:&quot;classic&quot;}\">\n\t\t\t\t<div class=\"elementor-element elementor-element-db71e8c elementor-widget elementor-widget-text-editor\" data-id=\"db71e8c\" data-element_type=\"widget\" data-e-type=\"widget\" data-widget_type=\"text-editor.default\">\n\t\t\t\t\t\t\t\t\t<p>Gr\u00e1ficos en Porcelanato l\u00edquido.<br \/><em>(Referencia: Desarrolladora Saccal, producto en<\/em><br \/><em>desarrollo)<\/em><\/p>\t\t\t\t\t\t\t\t<\/div>\n\t\t\t\t<div class=\"elementor-element elementor-element-1ac3161 elementor-widget elementor-widget-image\" data-id=\"1ac3161\" data-element_type=\"widget\" data-e-type=\"widget\" data-widget_type=\"image.default\">\n\t\t\t\t\t\t\t\t\t\t\t\t\t\t\t<img decoding=\"async\" width=\"525\" height=\"301\" src=\"https:\/\/arketipoic.com\/wp-content\/uploads\/2023\/05\/Porcelanato-1024x588.jpg\" class=\"attachment-large size-large wp-image-1101\" alt=\"\" srcset=\"https:\/\/arketipoic.com\/wp-content\/uploads\/2023\/05\/Porcelanato-1024x588.jpg 1024w, https:\/\/arketipoic.com\/wp-content\/uploads\/2023\/05\/Porcelanato-300x172.jpg 300w, https:\/\/arketipoic.com\/wp-content\/uploads\/2023\/05\/Porcelanato-768x441.jpg 768w, https:\/\/arketipoic.com\/wp-content\/uploads\/2023\/05\/Porcelanato-1536x883.jpg 1536w, https:\/\/arketipoic.com\/wp-content\/uploads\/2023\/05\/Porcelanato-2048x1177.jpg 2048w, https:\/\/arketipoic.com\/wp-content\/uploads\/2023\/05\/Porcelanato-350x201.jpg 350w\" sizes=\"100vw\" \/>\t\t\t\t\t\t\t\t\t\t\t\t\t\t\t<\/div>\n\t\t\t\t<\/div>\n\t\t<div class=\"elementor-element elementor-element-c8bbc19 e-con-full e-flex e-con e-child\" data-id=\"c8bbc19\" data-element_type=\"container\" data-e-type=\"container\">\n\t\t\t\t<\/div>\n\t\t\t\t\t<\/div>\n\t\t\t\t<\/div>\n\t\t<div class=\"elementor-element elementor-element-b5091e0 e-flex e-con-boxed e-con e-parent\" data-id=\"b5091e0\" data-element_type=\"container\" data-e-type=\"container\">\n\t\t\t\t\t<div class=\"e-con-inner\">\n\t\t\t\t<div class=\"elementor-element elementor-element-0064b62 elementor-fixed elementor-view-default elementor-invisible elementor-widget elementor-widget-icon\" data-id=\"0064b62\" data-element_type=\"widget\" data-e-type=\"widget\" data-settings=\"{&quot;_position&quot;:&quot;fixed&quot;,&quot;_animation&quot;:&quot;bounce&quot;}\" data-widget_type=\"icon.default\">\n\t\t\t\t\t\t\t<div class=\"elementor-icon-wrapper\">\n\t\t\t<a class=\"elementor-icon\" href=\"https:\/\/wa.link\/8gz1p8\">\n\t\t\t<svg aria-hidden=\"true\" class=\"e-font-icon-svg e-fab-whatsapp-square\" viewBox=\"0 0 448 512\" xmlns=\"http:\/\/www.w3.org\/2000\/svg\"><path d=\"M224 122.8c-72.7 0-131.8 59.1-131.9 131.8 0 24.9 7 49.2 20.2 70.1l3.1 5-13.3 48.6 49.9-13.1 4.8 2.9c20.2 12 43.4 18.4 67.1 18.4h.1c72.6 0 133.3-59.1 133.3-131.8 0-35.2-15.2-68.3-40.1-93.2-25-25-58-38.7-93.2-38.7zm77.5 188.4c-3.3 9.3-19.1 17.7-26.7 18.8-12.6 1.9-22.4.9-47.5-9.9-39.7-17.2-65.7-57.2-67.7-59.8-2-2.6-16.2-21.5-16.2-41s10.2-29.1 13.9-33.1c3.6-4 7.9-5 10.6-5 2.6 0 5.3 0 7.6.1 2.4.1 5.7-.9 8.9 6.8 3.3 7.9 11.2 27.4 12.2 29.4s1.7 4.3.3 6.9c-7.6 15.2-15.7 14.6-11.6 21.6 15.3 26.3 30.6 35.4 53.9 47.1 4 2 6.3 1.7 8.6-1 2.3-2.6 9.9-11.6 12.5-15.5 2.6-4 5.3-3.3 8.9-2 3.6 1.3 23.1 10.9 27.1 12.9s6.6 3 7.6 4.6c.9 1.9.9 9.9-2.4 19.1zM400 32H48C21.5 32 0 53.5 0 80v352c0 26.5 21.5 48 48 48h352c26.5 0 48-21.5 48-48V80c0-26.5-21.5-48-48-48zM223.9 413.2c-26.6 0-52.7-6.7-75.8-19.3L64 416l22.5-82.2c-13.9-24-21.2-51.3-21.2-79.3C65.4 167.1 136.5 96 223.9 96c42.4 0 82.2 16.5 112.2 46.5 29.9 30 47.9 69.8 47.9 112.2 0 87.4-72.7 158.5-160.1 158.5z\"><\/path><\/svg>\t\t\t<\/a>\n\t\t<\/div>\n\t\t\t\t\t\t<\/div>\n\t\t\t\t\t<\/div>\n\t\t\t\t<\/div>\n\t\t\t\t<\/div>\n\t\t","protected":false},"excerpt":{"rendered":"<p>Impresi\u00f3n digital laminado tipoFloor Graphics.(Referencia: 3M Scotchcal Floor grpaphics) Se\u00f1alizaci\u00f3n Podot\u00e1ctil.(Referencia: EMAC Novotop Access) Gr\u00e1ficos en Porcelanato l\u00edquido.(Referencia: Desarrolladora Saccal, producto endesarrollo)<\/p>\n","protected":false},"author":1,"featured_media":0,"parent":0,"menu_order":0,"comment_status":"closed","ping_status":"closed","template":"","meta":{"om_disable_all_campaigns":false,"_monsterinsights_skip_tracking":false,"_monsterinsights_sitenote_active":false,"_monsterinsights_sitenote_note":"","_monsterinsights_sitenote_category":0,"footnotes":""},"class_list":["post-632","page","type-page","status-publish","hentry"],"aioseo_notices":[],"_links":{"self":[{"href":"https:\/\/arketipoic.com\/index.php?rest_route=\/wp\/v2\/pages\/632"}],"collection":[{"href":"https:\/\/arketipoic.com\/index.php?rest_route=\/wp\/v2\/pages"}],"about":[{"href":"https:\/\/arketipoic.com\/index.php?rest_route=\/wp\/v2\/types\/page"}],"author":[{"embeddable":true,"href":"https:\/\/arketipoic.com\/index.php?rest_route=\/wp\/v2\/users\/1"}],"replies":[{"embeddable":true,"href":"https:\/\/arketipoic.com\/index.php?rest_route=%2Fwp%2Fv2%2Fcomments&post=632"}],"version-history":[{"count":13,"href":"https:\/\/arketipoic.com\/index.php?rest_route=\/wp\/v2\/pages\/632\/revisions"}],"predecessor-version":[{"id":1787,"href":"https:\/\/arketipoic.com\/index.php?rest_route=\/wp\/v2\/pages\/632\/revisions\/1787"}],"wp:attachment":[{"href":"https:\/\/arketipoic.com\/index.php?rest_route=%2Fwp%2Fv2%2Fmedia&parent=632"}],"curies":[{"name":"wp","href":"https:\/\/api.w.org\/{rel}","templated":true}]}}