{"id":631,"date":"2023-04-25T16:29:23","date_gmt":"2023-04-25T16:29:23","guid":{"rendered":"https:\/\/arketipoic.com\/?page_id=631"},"modified":"2024-04-08T22:09:35","modified_gmt":"2024-04-08T22:09:35","slug":"vidrios","status":"publish","type":"page","link":"https:\/\/arketipoic.com\/?page_id=631","title":{"rendered":"Vidrios"},"content":{"rendered":"\t\t<div data-elementor-type=\"wp-page\" data-elementor-id=\"631\" class=\"elementor elementor-631\">\n\t\t\t\t<div class=\"elementor-element elementor-element-5bdcb5e e-flex e-con-boxed e-con e-parent\" data-id=\"5bdcb5e\" data-element_type=\"container\" data-e-type=\"container\">\n\t\t\t\t\t<div class=\"e-con-inner\">\n\t\t<div class=\"elementor-element elementor-element-601b327 e-con-full e-flex e-con e-child\" data-id=\"601b327\" data-element_type=\"container\" data-e-type=\"container\" data-settings=\"{&quot;background_background&quot;:&quot;classic&quot;}\">\n\t\t\t\t<div class=\"elementor-element elementor-element-fa1b936 elementor-widget elementor-widget-text-editor\" data-id=\"fa1b936\" data-element_type=\"widget\" data-e-type=\"widget\" data-widget_type=\"text-editor.default\">\n\t\t\t\t\t\t\t\t\t<p>.Impresi\u00f3n digital exterior ecosolvente<br \/>sobre vinilo adhesivo frosted.<br \/><em>(Referencia: Coomeva &#8211; Se\u00f1alizaci\u00f3n Cl\u00ednica<\/em><br \/><em>Palma Real)<\/em><\/p>\t\t\t\t\t\t\t\t<\/div>\n\t\t\t\t<div class=\"elementor-element elementor-element-94cfc38 elementor-widget elementor-widget-image\" data-id=\"94cfc38\" data-element_type=\"widget\" data-e-type=\"widget\" data-widget_type=\"image.default\">\n\t\t\t\t\t\t\t\t\t\t\t\t\t\t\t<img fetchpriority=\"high\" decoding=\"async\" width=\"525\" height=\"394\" src=\"https:\/\/arketipoic.com\/wp-content\/uploads\/2023\/05\/SNC00537-1024x768.jpg\" class=\"attachment-large size-large wp-image-705\" alt=\"\" srcset=\"https:\/\/arketipoic.com\/wp-content\/uploads\/2023\/05\/SNC00537-1024x768.jpg 1024w, https:\/\/arketipoic.com\/wp-content\/uploads\/2023\/05\/SNC00537-300x225.jpg 300w, https:\/\/arketipoic.com\/wp-content\/uploads\/2023\/05\/SNC00537-768x576.jpg 768w, https:\/\/arketipoic.com\/wp-content\/uploads\/2023\/05\/SNC00537-1536x1152.jpg 1536w, https:\/\/arketipoic.com\/wp-content\/uploads\/2023\/05\/SNC00537-2048x1536.jpg 2048w, https:\/\/arketipoic.com\/wp-content\/uploads\/2023\/05\/SNC00537-350x263.jpg 350w\" sizes=\"100vw\" \/>\t\t\t\t\t\t\t\t\t\t\t\t\t\t\t<\/div>\n\t\t\t\t<\/div>\n\t\t<div class=\"elementor-element elementor-element-e8f859a e-con-full e-flex e-con e-child\" data-id=\"e8f859a\" data-element_type=\"container\" data-e-type=\"container\">\n\t\t\t\t<\/div>\n\t\t\t\t\t<\/div>\n\t\t\t\t<\/div>\n\t\t<div class=\"elementor-element elementor-element-59141de e-flex e-con-boxed e-con e-parent\" data-id=\"59141de\" data-element_type=\"container\" data-e-type=\"container\">\n\t\t\t\t\t<div class=\"e-con-inner\">\n\t\t<div class=\"elementor-element elementor-element-b6334d2 e-con-full e-flex e-con e-child\" data-id=\"b6334d2\" data-element_type=\"container\" data-e-type=\"container\" data-settings=\"{&quot;background_background&quot;:&quot;classic&quot;}\">\n\t\t\t\t<div class=\"elementor-element elementor-element-136fc1f elementor-widget elementor-widget-text-editor\" data-id=\"136fc1f\" data-element_type=\"widget\" data-e-type=\"widget\" data-widget_type=\"text-editor.default\">\n\t\t\t\t\t\t\t\t\t<p>Corte en plotter de vinilo frosted para<br \/>franja de seguridad.<br \/><em>(Referencia: FACTO Arquitectura &#8211; Imagen Cardif)<\/em><\/p>\t\t\t\t\t\t\t\t<\/div>\n\t\t\t\t<div class=\"elementor-element elementor-element-5fb8e8a elementor-widget elementor-widget-image\" data-id=\"5fb8e8a\" data-element_type=\"widget\" data-e-type=\"widget\" data-widget_type=\"image.default\">\n\t\t\t\t\t\t\t\t\t\t\t\t\t\t\t<img decoding=\"async\" width=\"525\" height=\"394\" src=\"https:\/\/arketipoic.com\/wp-content\/uploads\/2023\/05\/c-6.jpg\" class=\"attachment-large size-large wp-image-704\" alt=\"\" srcset=\"https:\/\/arketipoic.com\/wp-content\/uploads\/2023\/05\/c-6.jpg 1024w, https:\/\/arketipoic.com\/wp-content\/uploads\/2023\/05\/c-6-300x225.jpg 300w, https:\/\/arketipoic.com\/wp-content\/uploads\/2023\/05\/c-6-768x576.jpg 768w, https:\/\/arketipoic.com\/wp-content\/uploads\/2023\/05\/c-6-350x263.jpg 350w\" sizes=\"100vw\" \/>\t\t\t\t\t\t\t\t\t\t\t\t\t\t\t<\/div>\n\t\t\t\t<\/div>\n\t\t<div class=\"elementor-element elementor-element-1f35f17 e-con-full e-flex e-con e-child\" data-id=\"1f35f17\" data-element_type=\"container\" data-e-type=\"container\">\n\t\t\t\t<\/div>\n\t\t\t\t\t<\/div>\n\t\t\t\t<\/div>\n\t\t<div class=\"elementor-element elementor-element-bcc69a0 e-flex e-con-boxed e-con e-parent\" data-id=\"bcc69a0\" data-element_type=\"container\" data-e-type=\"container\">\n\t\t\t\t\t<div class=\"e-con-inner\">\n\t\t<div class=\"elementor-element elementor-element-f79760a e-con-full e-flex e-con e-child\" data-id=\"f79760a\" data-element_type=\"container\" data-e-type=\"container\" data-settings=\"{&quot;background_background&quot;:&quot;classic&quot;}\">\n\t\t\t\t<div class=\"elementor-element elementor-element-0915da8 elementor-widget elementor-widget-text-editor\" data-id=\"0915da8\" data-element_type=\"widget\" data-e-type=\"widget\" data-widget_type=\"text-editor.default\">\n\t\t\t\t\t\t\t\t\t<p>Impresi\u00f3n digital en tintas l\u00e1tex sobre<br \/>vinilo adhesivo microperforado.<br \/><em>(Referencia: VANTI &#8211; Oficinas)<\/em><\/p>\t\t\t\t\t\t\t\t<\/div>\n\t\t\t\t<div class=\"elementor-element elementor-element-d3029a1 elementor-widget elementor-widget-image\" data-id=\"d3029a1\" data-element_type=\"widget\" data-e-type=\"widget\" data-widget_type=\"image.default\">\n\t\t\t\t\t\t\t\t\t\t\t\t\t\t\t<img decoding=\"async\" width=\"525\" height=\"394\" src=\"https:\/\/arketipoic.com\/wp-content\/uploads\/2023\/05\/a40e1288-045d-42d7-96f2-c33e5851bf19-1024x768.jpg\" class=\"attachment-large size-large wp-image-1090\" alt=\"\" srcset=\"https:\/\/arketipoic.com\/wp-content\/uploads\/2023\/05\/a40e1288-045d-42d7-96f2-c33e5851bf19-1024x768.jpg 1024w, https:\/\/arketipoic.com\/wp-content\/uploads\/2023\/05\/a40e1288-045d-42d7-96f2-c33e5851bf19-300x225.jpg 300w, https:\/\/arketipoic.com\/wp-content\/uploads\/2023\/05\/a40e1288-045d-42d7-96f2-c33e5851bf19-768x576.jpg 768w, https:\/\/arketipoic.com\/wp-content\/uploads\/2023\/05\/a40e1288-045d-42d7-96f2-c33e5851bf19-1536x1152.jpg 1536w, https:\/\/arketipoic.com\/wp-content\/uploads\/2023\/05\/a40e1288-045d-42d7-96f2-c33e5851bf19-350x263.jpg 350w, https:\/\/arketipoic.com\/wp-content\/uploads\/2023\/05\/a40e1288-045d-42d7-96f2-c33e5851bf19.jpg 1600w\" sizes=\"100vw\" \/>\t\t\t\t\t\t\t\t\t\t\t\t\t\t\t<\/div>\n\t\t\t\t<\/div>\n\t\t<div class=\"elementor-element elementor-element-d0c1685 e-con-full e-flex e-con e-child\" data-id=\"d0c1685\" data-element_type=\"container\" data-e-type=\"container\">\n\t\t\t\t<\/div>\n\t\t\t\t\t<\/div>\n\t\t\t\t<\/div>\n\t\t<div class=\"elementor-element elementor-element-fab3619 e-flex e-con-boxed e-con e-parent\" data-id=\"fab3619\" data-element_type=\"container\" data-e-type=\"container\">\n\t\t\t\t\t<div class=\"e-con-inner\">\n\t\t<div class=\"elementor-element elementor-element-c344d5d e-con-full e-flex e-con e-child\" data-id=\"c344d5d\" data-element_type=\"container\" data-e-type=\"container\" data-settings=\"{&quot;background_background&quot;:&quot;classic&quot;}\">\n\t\t\t\t<div class=\"elementor-element elementor-element-419222f elementor-widget elementor-widget-text-editor\" data-id=\"419222f\" data-element_type=\"widget\" data-e-type=\"widget\" data-widget_type=\"text-editor.default\">\n\t\t\t\t\t\t\t\t\t<p>Franja de seguridad mediante textos cortados<br \/>en plotter.<br \/><em>(Referencia: VAPIANO)<\/em><\/p>\t\t\t\t\t\t\t\t<\/div>\n\t\t\t\t<div class=\"elementor-element elementor-element-a12089c elementor-widget elementor-widget-image\" data-id=\"a12089c\" data-element_type=\"widget\" data-e-type=\"widget\" data-widget_type=\"image.default\">\n\t\t\t\t\t\t\t\t\t\t\t\t\t\t\t<img loading=\"lazy\" decoding=\"async\" width=\"525\" height=\"350\" src=\"https:\/\/arketipoic.com\/wp-content\/uploads\/2023\/05\/IMG_3084-1024x682.jpg\" class=\"attachment-large size-large wp-image-1089\" alt=\"\" srcset=\"https:\/\/arketipoic.com\/wp-content\/uploads\/2023\/05\/IMG_3084-1024x682.jpg 1024w, https:\/\/arketipoic.com\/wp-content\/uploads\/2023\/05\/IMG_3084-300x200.jpg 300w, https:\/\/arketipoic.com\/wp-content\/uploads\/2023\/05\/IMG_3084-768x511.jpg 768w, https:\/\/arketipoic.com\/wp-content\/uploads\/2023\/05\/IMG_3084-1536x1023.jpg 1536w, https:\/\/arketipoic.com\/wp-content\/uploads\/2023\/05\/IMG_3084-2048x1364.jpg 2048w, https:\/\/arketipoic.com\/wp-content\/uploads\/2023\/05\/IMG_3084-350x233.jpg 350w\" sizes=\"100vw\" \/>\t\t\t\t\t\t\t\t\t\t\t\t\t\t\t<\/div>\n\t\t\t\t<\/div>\n\t\t<div class=\"elementor-element elementor-element-00d5130 e-con-full e-flex e-con e-child\" data-id=\"00d5130\" data-element_type=\"container\" data-e-type=\"container\">\n\t\t\t\t<\/div>\n\t\t\t\t\t<\/div>\n\t\t\t\t<\/div>\n\t\t<div class=\"elementor-element elementor-element-296a642 e-flex e-con-boxed e-con e-parent\" data-id=\"296a642\" data-element_type=\"container\" data-e-type=\"container\">\n\t\t\t\t\t<div class=\"e-con-inner\">\n\t\t<div class=\"elementor-element elementor-element-19b1479 e-con-full e-flex e-con e-child\" data-id=\"19b1479\" data-element_type=\"container\" data-e-type=\"container\" data-settings=\"{&quot;background_background&quot;:&quot;classic&quot;}\">\n\t\t\t\t<div class=\"elementor-element elementor-element-6b6b3cb elementor-widget elementor-widget-text-editor\" data-id=\"6b6b3cb\" data-element_type=\"widget\" data-e-type=\"widget\" data-widget_type=\"text-editor.default\">\n\t\t\t\t\t\t\t\t\t<p>Vinilos de corte ploteados sobre vidrio.<br \/><em>(Referencia: Se\u00f1alizaci\u00f3n oficinas Steer Davies Gleave)<\/em><\/p>\t\t\t\t\t\t\t\t<\/div>\n\t\t\t\t<div class=\"elementor-element elementor-element-e4306b2 elementor-widget elementor-widget-image\" data-id=\"e4306b2\" data-element_type=\"widget\" data-e-type=\"widget\" data-widget_type=\"image.default\">\n\t\t\t\t\t\t\t\t\t\t\t\t\t\t\t<img loading=\"lazy\" decoding=\"async\" width=\"525\" height=\"394\" src=\"https:\/\/arketipoic.com\/wp-content\/uploads\/2023\/05\/100_3795-1024x768.jpg\" class=\"attachment-large size-large wp-image-1088\" alt=\"\" srcset=\"https:\/\/arketipoic.com\/wp-content\/uploads\/2023\/05\/100_3795-1024x768.jpg 1024w, https:\/\/arketipoic.com\/wp-content\/uploads\/2023\/05\/100_3795-300x225.jpg 300w, https:\/\/arketipoic.com\/wp-content\/uploads\/2023\/05\/100_3795-768x576.jpg 768w, https:\/\/arketipoic.com\/wp-content\/uploads\/2023\/05\/100_3795-1536x1152.jpg 1536w, https:\/\/arketipoic.com\/wp-content\/uploads\/2023\/05\/100_3795-2048x1536.jpg 2048w, https:\/\/arketipoic.com\/wp-content\/uploads\/2023\/05\/100_3795-350x263.jpg 350w\" sizes=\"100vw\" \/>\t\t\t\t\t\t\t\t\t\t\t\t\t\t\t<\/div>\n\t\t\t\t<\/div>\n\t\t<div class=\"elementor-element elementor-element-1820dad e-con-full e-flex e-con e-child\" data-id=\"1820dad\" data-element_type=\"container\" data-e-type=\"container\">\n\t\t\t\t<\/div>\n\t\t\t\t\t<\/div>\n\t\t\t\t<\/div>\n\t\t<div class=\"elementor-element elementor-element-a1b0578 e-flex e-con-boxed e-con e-parent\" data-id=\"a1b0578\" data-element_type=\"container\" data-e-type=\"container\">\n\t\t\t\t\t<div class=\"e-con-inner\">\n\t\t<div class=\"elementor-element elementor-element-32e6536 e-con-full e-flex e-con e-child\" data-id=\"32e6536\" data-element_type=\"container\" data-e-type=\"container\" data-settings=\"{&quot;background_background&quot;:&quot;classic&quot;}\">\n\t\t\t\t<div class=\"elementor-element elementor-element-30ed9f4 elementor-widget elementor-widget-text-editor\" data-id=\"30ed9f4\" data-element_type=\"widget\" data-e-type=\"widget\" data-widget_type=\"text-editor.default\">\n\t\t\t\t\t\t\t\t\t<p>Pel\u00edcula de control solar.<\/p>\t\t\t\t\t\t\t\t<\/div>\n\t\t\t\t<div class=\"elementor-element elementor-element-c330eaa elementor-widget elementor-widget-image\" data-id=\"c330eaa\" data-element_type=\"widget\" data-e-type=\"widget\" data-widget_type=\"image.default\">\n\t\t\t\t\t\t\t\t\t\t\t\t\t\t\t<img loading=\"lazy\" decoding=\"async\" width=\"525\" height=\"394\" src=\"https:\/\/arketipoic.com\/wp-content\/uploads\/2023\/05\/WhatsApp-Image-2023-05-23-at-8.16.48-PM.jpeg\" class=\"attachment-large size-large wp-image-1091\" alt=\"\" srcset=\"https:\/\/arketipoic.com\/wp-content\/uploads\/2023\/05\/WhatsApp-Image-2023-05-23-at-8.16.48-PM.jpeg 767w, https:\/\/arketipoic.com\/wp-content\/uploads\/2023\/05\/WhatsApp-Image-2023-05-23-at-8.16.48-PM-300x225.jpeg 300w, https:\/\/arketipoic.com\/wp-content\/uploads\/2023\/05\/WhatsApp-Image-2023-05-23-at-8.16.48-PM-350x262.jpeg 350w\" sizes=\"100vw\" \/>\t\t\t\t\t\t\t\t\t\t\t\t\t\t\t<\/div>\n\t\t\t\t<\/div>\n\t\t<div class=\"elementor-element elementor-element-a663cf4 e-con-full e-flex e-con e-child\" data-id=\"a663cf4\" data-element_type=\"container\" data-e-type=\"container\">\n\t\t\t\t<\/div>\n\t\t\t\t\t<\/div>\n\t\t\t\t<\/div>\n\t\t<div class=\"elementor-element elementor-element-169e125 e-flex e-con-boxed e-con e-parent\" data-id=\"169e125\" data-element_type=\"container\" data-e-type=\"container\">\n\t\t\t\t\t<div class=\"e-con-inner\">\n\t\t\t\t<div class=\"elementor-element elementor-element-2aa020a elementor-fixed elementor-view-default elementor-invisible elementor-widget elementor-widget-icon\" data-id=\"2aa020a\" data-element_type=\"widget\" data-e-type=\"widget\" data-settings=\"{&quot;_position&quot;:&quot;fixed&quot;,&quot;_animation&quot;:&quot;bounce&quot;}\" data-widget_type=\"icon.default\">\n\t\t\t\t\t\t\t<div class=\"elementor-icon-wrapper\">\n\t\t\t<a class=\"elementor-icon\" href=\"https:\/\/wa.link\/8gz1p8\">\n\t\t\t<svg aria-hidden=\"true\" class=\"e-font-icon-svg e-fab-whatsapp-square\" viewBox=\"0 0 448 512\" xmlns=\"http:\/\/www.w3.org\/2000\/svg\"><path d=\"M224 122.8c-72.7 0-131.8 59.1-131.9 131.8 0 24.9 7 49.2 20.2 70.1l3.1 5-13.3 48.6 49.9-13.1 4.8 2.9c20.2 12 43.4 18.4 67.1 18.4h.1c72.6 0 133.3-59.1 133.3-131.8 0-35.2-15.2-68.3-40.1-93.2-25-25-58-38.7-93.2-38.7zm77.5 188.4c-3.3 9.3-19.1 17.7-26.7 18.8-12.6 1.9-22.4.9-47.5-9.9-39.7-17.2-65.7-57.2-67.7-59.8-2-2.6-16.2-21.5-16.2-41s10.2-29.1 13.9-33.1c3.6-4 7.9-5 10.6-5 2.6 0 5.3 0 7.6.1 2.4.1 5.7-.9 8.9 6.8 3.3 7.9 11.2 27.4 12.2 29.4s1.7 4.3.3 6.9c-7.6 15.2-15.7 14.6-11.6 21.6 15.3 26.3 30.6 35.4 53.9 47.1 4 2 6.3 1.7 8.6-1 2.3-2.6 9.9-11.6 12.5-15.5 2.6-4 5.3-3.3 8.9-2 3.6 1.3 23.1 10.9 27.1 12.9s6.6 3 7.6 4.6c.9 1.9.9 9.9-2.4 19.1zM400 32H48C21.5 32 0 53.5 0 80v352c0 26.5 21.5 48 48 48h352c26.5 0 48-21.5 48-48V80c0-26.5-21.5-48-48-48zM223.9 413.2c-26.6 0-52.7-6.7-75.8-19.3L64 416l22.5-82.2c-13.9-24-21.2-51.3-21.2-79.3C65.4 167.1 136.5 96 223.9 96c42.4 0 82.2 16.5 112.2 46.5 29.9 30 47.9 69.8 47.9 112.2 0 87.4-72.7 158.5-160.1 158.5z\"><\/path><\/svg>\t\t\t<\/a>\n\t\t<\/div>\n\t\t\t\t\t\t<\/div>\n\t\t\t\t\t<\/div>\n\t\t\t\t<\/div>\n\t\t\t\t<\/div>\n\t\t","protected":false},"excerpt":{"rendered":"<p>.Impresi\u00f3n digital exterior ecosolventesobre vinilo adhesivo frosted.(Referencia: Coomeva &#8211; Se\u00f1alizaci\u00f3n Cl\u00ednicaPalma Real) Corte en plotter de vinilo frosted parafranja de seguridad.(Referencia: FACTO Arquitectura &#8211; Imagen Cardif) Impresi\u00f3n digital en tintas l\u00e1tex sobrevinilo adhesivo microperforado.(Referencia: VANTI &#8211; Oficinas) Franja de seguridad mediante textos cortadosen plotter.(Referencia: VAPIANO) Vinilos de corte ploteados sobre vidrio.(Referencia: Se\u00f1alizaci\u00f3n oficinas Steer Davies &hellip; <\/p>\n<p class=\"link-more\"><a href=\"https:\/\/arketipoic.com\/?page_id=631\" class=\"more-link\">Continuar leyendo<span class=\"screen-reader-text\"> &#8220;Vidrios&#8221;<\/span><\/a><\/p>\n","protected":false},"author":1,"featured_media":0,"parent":0,"menu_order":0,"comment_status":"closed","ping_status":"closed","template":"","meta":{"om_disable_all_campaigns":false,"_monsterinsights_skip_tracking":false,"_monsterinsights_sitenote_active":false,"_monsterinsights_sitenote_note":"","_monsterinsights_sitenote_category":0,"footnotes":""},"class_list":["post-631","page","type-page","status-publish","hentry"],"aioseo_notices":[],"_links":{"self":[{"href":"https:\/\/arketipoic.com\/index.php?rest_route=\/wp\/v2\/pages\/631"}],"collection":[{"href":"https:\/\/arketipoic.com\/index.php?rest_route=\/wp\/v2\/pages"}],"about":[{"href":"https:\/\/arketipoic.com\/index.php?rest_route=\/wp\/v2\/types\/page"}],"author":[{"embeddable":true,"href":"https:\/\/arketipoic.com\/index.php?rest_route=\/wp\/v2\/users\/1"}],"replies":[{"embeddable":true,"href":"https:\/\/arketipoic.com\/index.php?rest_route=%2Fwp%2Fv2%2Fcomments&post=631"}],"version-history":[{"count":19,"href":"https:\/\/arketipoic.com\/index.php?rest_route=\/wp\/v2\/pages\/631\/revisions"}],"predecessor-version":[{"id":1784,"href":"https:\/\/arketipoic.com\/index.php?rest_route=\/wp\/v2\/pages\/631\/revisions\/1784"}],"wp:attachment":[{"href":"https:\/\/arketipoic.com\/index.php?rest_route=%2Fwp%2Fv2%2Fmedia&parent=631"}],"curies":[{"name":"wp","href":"https:\/\/api.w.org\/{rel}","templated":true}]}}