{"id":630,"date":"2023-04-25T16:29:23","date_gmt":"2023-04-25T16:29:23","guid":{"rendered":"https:\/\/arketipoic.com\/?page_id=630"},"modified":"2024-04-08T22:09:02","modified_gmt":"2024-04-08T22:09:02","slug":"murales-2","status":"publish","type":"page","link":"https:\/\/arketipoic.com\/?page_id=630","title":{"rendered":"Murales"},"content":{"rendered":"\t\t<div data-elementor-type=\"wp-page\" data-elementor-id=\"630\" class=\"elementor elementor-630\">\n\t\t\t\t<div class=\"elementor-element elementor-element-2d35be3 e-flex e-con-boxed e-con e-parent\" data-id=\"2d35be3\" data-element_type=\"container\" data-e-type=\"container\">\n\t\t\t\t\t<div class=\"e-con-inner\">\n\t\t<div class=\"elementor-element elementor-element-209f6df e-con-full e-flex e-con e-child\" data-id=\"209f6df\" data-element_type=\"container\" data-e-type=\"container\" data-settings=\"{&quot;background_background&quot;:&quot;classic&quot;}\">\n\t\t\t\t<div class=\"elementor-element elementor-element-dcc3f34 elementor-widget elementor-widget-text-editor\" data-id=\"dcc3f34\" data-element_type=\"widget\" data-e-type=\"widget\" data-widget_type=\"text-editor.default\">\n\t\t\t\t\t\t\t\t\t<p>Impresi\u00f3n digital exterior ecosolvente con laminado mate de collage con textura.<br \/><em>(Referencia: RIR Arquitectos &#8211; Cambio de imagen <\/em><em>tiendas Juan Valdez Caf\u00e9)<\/em><\/p>\t\t\t\t\t\t\t\t<\/div>\n\t\t\t\t<div class=\"elementor-element elementor-element-30584b0 elementor-widget elementor-widget-image\" data-id=\"30584b0\" data-element_type=\"widget\" data-e-type=\"widget\" data-widget_type=\"image.default\">\n\t\t\t\t\t\t\t\t\t\t\t\t\t\t\t<img fetchpriority=\"high\" decoding=\"async\" width=\"525\" height=\"394\" src=\"https:\/\/arketipoic.com\/wp-content\/uploads\/2023\/05\/IMG_1467_1.jpg\" class=\"attachment-large size-large wp-image-714\" alt=\"\" srcset=\"https:\/\/arketipoic.com\/wp-content\/uploads\/2023\/05\/IMG_1467_1.jpg 1024w, https:\/\/arketipoic.com\/wp-content\/uploads\/2023\/05\/IMG_1467_1-300x225.jpg 300w, https:\/\/arketipoic.com\/wp-content\/uploads\/2023\/05\/IMG_1467_1-768x576.jpg 768w, https:\/\/arketipoic.com\/wp-content\/uploads\/2023\/05\/IMG_1467_1-350x263.jpg 350w\" sizes=\"100vw\" \/>\t\t\t\t\t\t\t\t\t\t\t\t\t\t\t<\/div>\n\t\t\t\t<\/div>\n\t\t<div class=\"elementor-element elementor-element-682ca2c e-con-full e-flex e-con e-child\" data-id=\"682ca2c\" data-element_type=\"container\" data-e-type=\"container\">\n\t\t\t\t<\/div>\n\t\t\t\t\t<\/div>\n\t\t\t\t<\/div>\n\t\t<div class=\"elementor-element elementor-element-d0942d5 e-flex e-con-boxed e-con e-parent\" data-id=\"d0942d5\" data-element_type=\"container\" data-e-type=\"container\">\n\t\t\t\t\t<div class=\"e-con-inner\">\n\t\t<div class=\"elementor-element elementor-element-e0a6d5f e-con-full e-flex e-con e-child\" data-id=\"e0a6d5f\" data-element_type=\"container\" data-e-type=\"container\" data-settings=\"{&quot;background_background&quot;:&quot;classic&quot;}\">\n\t\t\t\t<div class=\"elementor-element elementor-element-5cb4f2d elementor-widget elementor-widget-text-editor\" data-id=\"5cb4f2d\" data-element_type=\"widget\" data-e-type=\"widget\" data-widget_type=\"text-editor.default\">\n\t\t\t\t\t\t\t\t\t<p>Impresi\u00f3n digital con tinta l\u00e1tex de textura para cubrimiento de espacio especial.<br \/><em>(Referencia: RIR Arquitectos &#8211; Colsubsidio \/ Caf\u00e9<\/em><br \/><em>de las letras)<\/em><\/p>\t\t\t\t\t\t\t\t<\/div>\n\t\t\t\t<div class=\"elementor-element elementor-element-3717f44 elementor-widget elementor-widget-image\" data-id=\"3717f44\" data-element_type=\"widget\" data-e-type=\"widget\" data-widget_type=\"image.default\">\n\t\t\t\t\t\t\t\t\t\t\t\t\t\t\t<img decoding=\"async\" width=\"525\" height=\"700\" src=\"https:\/\/arketipoic.com\/wp-content\/uploads\/2023\/05\/IMG-20190703-WA0021-768x1024.jpg\" class=\"attachment-large size-large wp-image-718\" alt=\"\" srcset=\"https:\/\/arketipoic.com\/wp-content\/uploads\/2023\/05\/IMG-20190703-WA0021-768x1024.jpg 768w, https:\/\/arketipoic.com\/wp-content\/uploads\/2023\/05\/IMG-20190703-WA0021-225x300.jpg 225w, https:\/\/arketipoic.com\/wp-content\/uploads\/2023\/05\/IMG-20190703-WA0021-350x467.jpg 350w, https:\/\/arketipoic.com\/wp-content\/uploads\/2023\/05\/IMG-20190703-WA0021.jpg 960w\" sizes=\"100vw\" \/>\t\t\t\t\t\t\t\t\t\t\t\t\t\t\t<\/div>\n\t\t\t\t<\/div>\n\t\t<div class=\"elementor-element elementor-element-49b679e e-con-full e-flex e-con e-child\" data-id=\"49b679e\" data-element_type=\"container\" data-e-type=\"container\">\n\t\t\t\t<\/div>\n\t\t\t\t\t<\/div>\n\t\t\t\t<\/div>\n\t\t<div class=\"elementor-element elementor-element-f1d058a e-flex e-con-boxed e-con e-parent\" data-id=\"f1d058a\" data-element_type=\"container\" data-e-type=\"container\">\n\t\t\t\t\t<div class=\"e-con-inner\">\n\t\t<div class=\"elementor-element elementor-element-b9df089 e-con-full e-flex e-con e-child\" data-id=\"b9df089\" data-element_type=\"container\" data-e-type=\"container\" data-settings=\"{&quot;background_background&quot;:&quot;classic&quot;}\">\n\t\t\t\t<div class=\"elementor-element elementor-element-8b33778 elementor-widget elementor-widget-text-editor\" data-id=\"8b33778\" data-element_type=\"widget\" data-e-type=\"widget\" data-widget_type=\"text-editor.default\">\n\t\t\t\t\t\t\t\t\t<p>Impresi\u00f3n con textos corporativos. Iniciales<br \/>en acr\u00edlico volum\u00e9trico con lacado de acuerdo<br \/>a colores corporativos..<br \/><em>(Referencia: Escobar Arquitectura &#8211; Oficinas SHIRE)<\/em><\/p>\t\t\t\t\t\t\t\t<\/div>\n\t\t\t\t<div class=\"elementor-element elementor-element-b3374d5 elementor-widget elementor-widget-image\" data-id=\"b3374d5\" data-element_type=\"widget\" data-e-type=\"widget\" data-widget_type=\"image.default\">\n\t\t\t\t\t\t\t\t\t\t\t\t\t\t\t<img decoding=\"async\" width=\"525\" height=\"700\" src=\"https:\/\/arketipoic.com\/wp-content\/uploads\/2023\/05\/270720121579-768x1024.jpg\" class=\"attachment-large size-large wp-image-719\" alt=\"\" srcset=\"https:\/\/arketipoic.com\/wp-content\/uploads\/2023\/05\/270720121579-768x1024.jpg 768w, https:\/\/arketipoic.com\/wp-content\/uploads\/2023\/05\/270720121579-225x300.jpg 225w, https:\/\/arketipoic.com\/wp-content\/uploads\/2023\/05\/270720121579-1152x1536.jpg 1152w, https:\/\/arketipoic.com\/wp-content\/uploads\/2023\/05\/270720121579-1536x2048.jpg 1536w, https:\/\/arketipoic.com\/wp-content\/uploads\/2023\/05\/270720121579-350x467.jpg 350w, https:\/\/arketipoic.com\/wp-content\/uploads\/2023\/05\/270720121579-scaled.jpg 1920w\" sizes=\"100vw\" \/>\t\t\t\t\t\t\t\t\t\t\t\t\t\t\t<\/div>\n\t\t\t\t<\/div>\n\t\t<div class=\"elementor-element elementor-element-9482e94 e-con-full e-flex e-con e-child\" data-id=\"9482e94\" data-element_type=\"container\" data-e-type=\"container\">\n\t\t\t\t<\/div>\n\t\t\t\t\t<\/div>\n\t\t\t\t<\/div>\n\t\t<div class=\"elementor-element elementor-element-0bd2048 e-flex e-con-boxed e-con e-parent\" data-id=\"0bd2048\" data-element_type=\"container\" data-e-type=\"container\">\n\t\t\t\t\t<div class=\"e-con-inner\">\n\t\t<div class=\"elementor-element elementor-element-2061e6f e-con-full e-flex e-con e-child\" data-id=\"2061e6f\" data-element_type=\"container\" data-e-type=\"container\" data-settings=\"{&quot;background_background&quot;:&quot;classic&quot;}\">\n\t\t\t\t<div class=\"elementor-element elementor-element-39a98a2 elementor-widget__width-initial elementor-widget elementor-widget-text-editor\" data-id=\"39a98a2\" data-element_type=\"widget\" data-e-type=\"widget\" data-widget_type=\"text-editor.default\">\n\t\t\t\t\t\t\t\t\t<p>Textura corporativa de colores impresa<br \/>en tinta ecosolvente con laminado semimate.<br \/><em>(Referencia: POPSY &#8211; Cambio de imagen nacional)<\/em><\/p>\t\t\t\t\t\t\t\t<\/div>\n\t\t\t\t<div class=\"elementor-element elementor-element-a0e2c45 elementor-widget elementor-widget-image\" data-id=\"a0e2c45\" data-element_type=\"widget\" data-e-type=\"widget\" data-widget_type=\"image.default\">\n\t\t\t\t\t\t\t\t\t\t\t\t\t\t\t<img loading=\"lazy\" decoding=\"async\" width=\"525\" height=\"394\" src=\"https:\/\/arketipoic.com\/wp-content\/uploads\/2023\/05\/IMG_2899-1024x768.jpg\" class=\"attachment-large size-large wp-image-713\" alt=\"\" srcset=\"https:\/\/arketipoic.com\/wp-content\/uploads\/2023\/05\/IMG_2899-1024x768.jpg 1024w, https:\/\/arketipoic.com\/wp-content\/uploads\/2023\/05\/IMG_2899-300x225.jpg 300w, https:\/\/arketipoic.com\/wp-content\/uploads\/2023\/05\/IMG_2899-768x576.jpg 768w, https:\/\/arketipoic.com\/wp-content\/uploads\/2023\/05\/IMG_2899-1536x1152.jpg 1536w, https:\/\/arketipoic.com\/wp-content\/uploads\/2023\/05\/IMG_2899-350x263.jpg 350w, https:\/\/arketipoic.com\/wp-content\/uploads\/2023\/05\/IMG_2899.jpg 1600w\" sizes=\"100vw\" \/>\t\t\t\t\t\t\t\t\t\t\t\t\t\t\t<\/div>\n\t\t\t\t<\/div>\n\t\t<div class=\"elementor-element elementor-element-b17add5 e-con-full e-flex e-con e-child\" data-id=\"b17add5\" data-element_type=\"container\" data-e-type=\"container\">\n\t\t\t\t<\/div>\n\t\t\t\t\t<\/div>\n\t\t\t\t<\/div>\n\t\t<div class=\"elementor-element elementor-element-e72b745 e-flex e-con-boxed e-con e-parent\" data-id=\"e72b745\" data-element_type=\"container\" data-e-type=\"container\">\n\t\t\t\t\t<div class=\"e-con-inner\">\n\t\t<div class=\"elementor-element elementor-element-a26887b e-con-full e-flex e-con e-child\" data-id=\"a26887b\" data-element_type=\"container\" data-e-type=\"container\" data-settings=\"{&quot;background_background&quot;:&quot;classic&quot;}\">\n\t\t\t\t<div class=\"elementor-element elementor-element-66f8b84 elementor-widget elementor-widget-text-editor\" data-id=\"66f8b84\" data-element_type=\"widget\" data-e-type=\"widget\" data-widget_type=\"text-editor.default\">\n\t\t\t\t\t\t\t\t\t<p>Bastidores en aluminio con retablo impreso en tintas ecosolventes.<br \/><em>(Referencia: Escobar Arquitectura &#8211; Oficinas SONY)<\/em><\/p>\t\t\t\t\t\t\t\t<\/div>\n\t\t\t\t<div class=\"elementor-element elementor-element-1c11861 elementor-widget elementor-widget-image\" data-id=\"1c11861\" data-element_type=\"widget\" data-e-type=\"widget\" data-widget_type=\"image.default\">\n\t\t\t\t\t\t\t\t\t\t\t\t\t\t\t<img loading=\"lazy\" decoding=\"async\" width=\"525\" height=\"700\" src=\"https:\/\/arketipoic.com\/wp-content\/uploads\/2023\/05\/100_0583-768x1024.jpg\" class=\"attachment-large size-large wp-image-716\" alt=\"\" srcset=\"https:\/\/arketipoic.com\/wp-content\/uploads\/2023\/05\/100_0583-768x1024.jpg 768w, https:\/\/arketipoic.com\/wp-content\/uploads\/2023\/05\/100_0583-225x300.jpg 225w, https:\/\/arketipoic.com\/wp-content\/uploads\/2023\/05\/100_0583-1152x1536.jpg 1152w, https:\/\/arketipoic.com\/wp-content\/uploads\/2023\/05\/100_0583-1536x2048.jpg 1536w, https:\/\/arketipoic.com\/wp-content\/uploads\/2023\/05\/100_0583-350x467.jpg 350w, https:\/\/arketipoic.com\/wp-content\/uploads\/2023\/05\/100_0583-scaled.jpg 1920w\" sizes=\"100vw\" \/>\t\t\t\t\t\t\t\t\t\t\t\t\t\t\t<\/div>\n\t\t\t\t<\/div>\n\t\t<div class=\"elementor-element elementor-element-745ccf6 e-con-full e-flex e-con e-child\" data-id=\"745ccf6\" data-element_type=\"container\" data-e-type=\"container\">\n\t\t\t\t<\/div>\n\t\t\t\t\t<\/div>\n\t\t\t\t<\/div>\n\t\t<div class=\"elementor-element elementor-element-2e129e7 e-flex e-con-boxed e-con e-parent\" data-id=\"2e129e7\" data-element_type=\"container\" data-e-type=\"container\">\n\t\t\t\t\t<div class=\"e-con-inner\">\n\t\t<div class=\"elementor-element elementor-element-78f7e08 e-con-full e-flex e-con e-child\" data-id=\"78f7e08\" data-element_type=\"container\" data-e-type=\"container\" data-settings=\"{&quot;background_background&quot;:&quot;classic&quot;}\">\n\t\t\t\t<div class=\"elementor-element elementor-element-026526a elementor-widget elementor-widget-text-editor\" data-id=\"026526a\" data-element_type=\"widget\" data-e-type=\"widget\" data-widget_type=\"text-editor.default\">\n\t\t\t\t\t\t\t\t\t<p>Impresi\u00f3n digital laminado semimate.<\/p><p><em>(Referencia: Escobar Arquitectura &#8211; Oficinas SHIRE)<\/em><\/p>\t\t\t\t\t\t\t\t<\/div>\n\t\t\t\t<div class=\"elementor-element elementor-element-52ad3e8 elementor-widget elementor-widget-image\" data-id=\"52ad3e8\" data-element_type=\"widget\" data-e-type=\"widget\" data-widget_type=\"image.default\">\n\t\t\t\t\t\t\t\t\t\t\t\t\t\t\t<img loading=\"lazy\" decoding=\"async\" width=\"525\" height=\"394\" src=\"https:\/\/arketipoic.com\/wp-content\/uploads\/2023\/05\/310720121582-1024x768.jpg\" class=\"attachment-large size-large wp-image-717\" alt=\"\" srcset=\"https:\/\/arketipoic.com\/wp-content\/uploads\/2023\/05\/310720121582-1024x768.jpg 1024w, https:\/\/arketipoic.com\/wp-content\/uploads\/2023\/05\/310720121582-300x225.jpg 300w, https:\/\/arketipoic.com\/wp-content\/uploads\/2023\/05\/310720121582-768x576.jpg 768w, https:\/\/arketipoic.com\/wp-content\/uploads\/2023\/05\/310720121582-1536x1152.jpg 1536w, https:\/\/arketipoic.com\/wp-content\/uploads\/2023\/05\/310720121582-2048x1536.jpg 2048w, https:\/\/arketipoic.com\/wp-content\/uploads\/2023\/05\/310720121582-350x263.jpg 350w\" sizes=\"100vw\" \/>\t\t\t\t\t\t\t\t\t\t\t\t\t\t\t<\/div>\n\t\t\t\t<\/div>\n\t\t<div class=\"elementor-element elementor-element-152578d e-con-full e-flex e-con e-child\" data-id=\"152578d\" data-element_type=\"container\" data-e-type=\"container\">\n\t\t\t\t<\/div>\n\t\t\t\t\t<\/div>\n\t\t\t\t<\/div>\n\t\t<div class=\"elementor-element elementor-element-6d46c54 e-flex e-con-boxed e-con e-parent\" data-id=\"6d46c54\" data-element_type=\"container\" data-e-type=\"container\">\n\t\t\t\t\t<div class=\"e-con-inner\">\n\t\t<div class=\"elementor-element elementor-element-ed594d7 e-con-full e-flex e-con e-child\" data-id=\"ed594d7\" data-element_type=\"container\" data-e-type=\"container\" data-settings=\"{&quot;background_background&quot;:&quot;classic&quot;}\">\n\t\t\t\t<div class=\"elementor-element elementor-element-9eb71c3 elementor-widget elementor-widget-text-editor\" data-id=\"9eb71c3\" data-element_type=\"widget\" data-e-type=\"widget\" data-widget_type=\"text-editor.default\">\n\t\t\t\t\t\t\t\t\t<p>Mural en pintura con plantillado.<br \/><em>(Referencia: Procafecol &#8211; Tiendas Juan Valdez)L<\/em><\/p>\t\t\t\t\t\t\t\t<\/div>\n\t\t\t\t<div class=\"elementor-element elementor-element-03625ff elementor-widget elementor-widget-image\" data-id=\"03625ff\" data-element_type=\"widget\" data-e-type=\"widget\" data-widget_type=\"image.default\">\n\t\t\t\t\t\t\t\t\t\t\t\t\t\t\t<img loading=\"lazy\" decoding=\"async\" width=\"525\" height=\"700\" src=\"https:\/\/arketipoic.com\/wp-content\/uploads\/2023\/05\/IMG-20180505-WA0041-768x1024.jpg\" class=\"attachment-large size-large wp-image-1075\" alt=\"\" srcset=\"https:\/\/arketipoic.com\/wp-content\/uploads\/2023\/05\/IMG-20180505-WA0041-768x1024.jpg 768w, https:\/\/arketipoic.com\/wp-content\/uploads\/2023\/05\/IMG-20180505-WA0041-225x300.jpg 225w, https:\/\/arketipoic.com\/wp-content\/uploads\/2023\/05\/IMG-20180505-WA0041-350x467.jpg 350w, https:\/\/arketipoic.com\/wp-content\/uploads\/2023\/05\/IMG-20180505-WA0041.jpg 960w\" sizes=\"100vw\" \/>\t\t\t\t\t\t\t\t\t\t\t\t\t\t\t<\/div>\n\t\t\t\t<\/div>\n\t\t<div class=\"elementor-element elementor-element-66a0102 e-con-full e-flex e-con e-child\" data-id=\"66a0102\" data-element_type=\"container\" data-e-type=\"container\">\n\t\t\t\t<\/div>\n\t\t\t\t\t<\/div>\n\t\t\t\t<\/div>\n\t\t<div class=\"elementor-element elementor-element-eee436a e-flex e-con-boxed e-con e-parent\" data-id=\"eee436a\" data-element_type=\"container\" data-e-type=\"container\">\n\t\t\t\t\t<div class=\"e-con-inner\">\n\t\t<div class=\"elementor-element elementor-element-1780ac9 e-con-full e-flex e-con e-child\" data-id=\"1780ac9\" data-element_type=\"container\" data-e-type=\"container\" data-settings=\"{&quot;background_background&quot;:&quot;classic&quot;}\">\n\t\t\t\t<div class=\"elementor-element elementor-element-cc143c6 elementor-widget elementor-widget-text-editor\" data-id=\"cc143c6\" data-element_type=\"widget\" data-e-type=\"widget\" data-widget_type=\"text-editor.default\">\n\t\t\t\t\t\t\t\t\t<p>Modulos en vidrio templado con gr\u00e1ficos<br \/>impresos en tinta l\u00e1tex para nicho iluminado.<br \/><em>(Referencia: AV Arquitectos- Vapiano)<\/em><\/p>\t\t\t\t\t\t\t\t<\/div>\n\t\t\t\t<div class=\"elementor-element elementor-element-87e7389 elementor-widget elementor-widget-image\" data-id=\"87e7389\" data-element_type=\"widget\" data-e-type=\"widget\" data-widget_type=\"image.default\">\n\t\t\t\t\t\t\t\t\t\t\t\t\t\t\t<img loading=\"lazy\" decoding=\"async\" width=\"525\" height=\"350\" src=\"https:\/\/arketipoic.com\/wp-content\/uploads\/2023\/05\/IMG_3066-1024x682.jpg\" class=\"attachment-large size-large wp-image-1073\" alt=\"\" srcset=\"https:\/\/arketipoic.com\/wp-content\/uploads\/2023\/05\/IMG_3066-1024x682.jpg 1024w, https:\/\/arketipoic.com\/wp-content\/uploads\/2023\/05\/IMG_3066-300x200.jpg 300w, https:\/\/arketipoic.com\/wp-content\/uploads\/2023\/05\/IMG_3066-768x511.jpg 768w, https:\/\/arketipoic.com\/wp-content\/uploads\/2023\/05\/IMG_3066-1536x1023.jpg 1536w, https:\/\/arketipoic.com\/wp-content\/uploads\/2023\/05\/IMG_3066-2048x1364.jpg 2048w, https:\/\/arketipoic.com\/wp-content\/uploads\/2023\/05\/IMG_3066-350x233.jpg 350w\" sizes=\"100vw\" \/>\t\t\t\t\t\t\t\t\t\t\t\t\t\t\t<\/div>\n\t\t\t\t<\/div>\n\t\t<div class=\"elementor-element elementor-element-067bffb e-con-full e-flex e-con e-child\" data-id=\"067bffb\" data-element_type=\"container\" data-e-type=\"container\">\n\t\t\t\t<\/div>\n\t\t\t\t\t<\/div>\n\t\t\t\t<\/div>\n\t\t<div class=\"elementor-element elementor-element-d3fe15d e-flex e-con-boxed e-con e-parent\" data-id=\"d3fe15d\" data-element_type=\"container\" data-e-type=\"container\">\n\t\t\t\t\t<div class=\"e-con-inner\">\n\t\t<div class=\"elementor-element elementor-element-27aff09 e-con-full e-flex e-con e-child\" data-id=\"27aff09\" data-element_type=\"container\" data-e-type=\"container\" data-settings=\"{&quot;background_background&quot;:&quot;classic&quot;}\">\n\t\t\t\t<div class=\"elementor-element elementor-element-9db30cd elementor-widget elementor-widget-text-editor\" data-id=\"9db30cd\" data-element_type=\"widget\" data-e-type=\"widget\" data-widget_type=\"text-editor.default\">\n\t\t\t\t\t\t\t\t\t<p>Impresi\u00f3n digital l\u00e1tex laminada semimate con maco en madera acabado wenge.\u00a0 \u00a0 \u00a0\u00a0<em>(Referencia: VANTI &#8211; Gr\u00e1ficos oficinas Juntas)<\/em><\/p>\t\t\t\t\t\t\t\t<\/div>\n\t\t\t\t<div class=\"elementor-element elementor-element-0f6572a elementor-widget elementor-widget-image\" data-id=\"0f6572a\" data-element_type=\"widget\" data-e-type=\"widget\" data-widget_type=\"image.default\">\n\t\t\t\t\t\t\t\t\t\t\t\t\t\t\t<img loading=\"lazy\" decoding=\"async\" width=\"525\" height=\"394\" src=\"https:\/\/arketipoic.com\/wp-content\/uploads\/2023\/05\/81f420ef-a3a5-4767-b8f1-421663b006e7-1024x768.jpg\" class=\"attachment-large size-large wp-image-1076\" alt=\"\" srcset=\"https:\/\/arketipoic.com\/wp-content\/uploads\/2023\/05\/81f420ef-a3a5-4767-b8f1-421663b006e7-1024x768.jpg 1024w, https:\/\/arketipoic.com\/wp-content\/uploads\/2023\/05\/81f420ef-a3a5-4767-b8f1-421663b006e7-300x225.jpg 300w, https:\/\/arketipoic.com\/wp-content\/uploads\/2023\/05\/81f420ef-a3a5-4767-b8f1-421663b006e7-768x576.jpg 768w, https:\/\/arketipoic.com\/wp-content\/uploads\/2023\/05\/81f420ef-a3a5-4767-b8f1-421663b006e7-1536x1152.jpg 1536w, https:\/\/arketipoic.com\/wp-content\/uploads\/2023\/05\/81f420ef-a3a5-4767-b8f1-421663b006e7-350x263.jpg 350w, https:\/\/arketipoic.com\/wp-content\/uploads\/2023\/05\/81f420ef-a3a5-4767-b8f1-421663b006e7.jpg 1600w\" sizes=\"100vw\" \/>\t\t\t\t\t\t\t\t\t\t\t\t\t\t\t<\/div>\n\t\t\t\t<\/div>\n\t\t<div class=\"elementor-element elementor-element-c48408f e-con-full e-flex e-con e-child\" data-id=\"c48408f\" data-element_type=\"container\" data-e-type=\"container\">\n\t\t\t\t<\/div>\n\t\t\t\t\t<\/div>\n\t\t\t\t<\/div>\n\t\t<div class=\"elementor-element elementor-element-25539d8 e-flex e-con-boxed e-con e-parent\" data-id=\"25539d8\" data-element_type=\"container\" data-e-type=\"container\">\n\t\t\t\t\t<div class=\"e-con-inner\">\n\t\t<div class=\"elementor-element elementor-element-90aef9a e-con-full e-flex e-con e-child\" data-id=\"90aef9a\" data-element_type=\"container\" data-e-type=\"container\" data-settings=\"{&quot;background_background&quot;:&quot;classic&quot;}\">\n\t\t\t\t<div class=\"elementor-element elementor-element-eedcccb elementor-widget elementor-widget-text-editor\" data-id=\"eedcccb\" data-element_type=\"widget\" data-e-type=\"widget\" data-widget_type=\"text-editor.default\">\n\t\t\t\t\t\t\t\t\t<p>Corte de texto en plotter e im\u00e1genes impresas<br \/>en acr\u00edlico. <em>(Referencia: AV Arquitectos<\/em><br \/><em>&#8211; Vapiano)<\/em><\/p>\t\t\t\t\t\t\t\t<\/div>\n\t\t\t\t<div class=\"elementor-element elementor-element-d8f0f1d elementor-widget elementor-widget-image\" data-id=\"d8f0f1d\" data-element_type=\"widget\" data-e-type=\"widget\" data-widget_type=\"image.default\">\n\t\t\t\t\t\t\t\t\t\t\t\t\t\t\t<img loading=\"lazy\" decoding=\"async\" width=\"525\" height=\"350\" src=\"https:\/\/arketipoic.com\/wp-content\/uploads\/2023\/05\/IMG_3069-1024x682.jpg\" class=\"attachment-large size-large wp-image-1074\" alt=\"\" srcset=\"https:\/\/arketipoic.com\/wp-content\/uploads\/2023\/05\/IMG_3069-1024x682.jpg 1024w, https:\/\/arketipoic.com\/wp-content\/uploads\/2023\/05\/IMG_3069-300x200.jpg 300w, https:\/\/arketipoic.com\/wp-content\/uploads\/2023\/05\/IMG_3069-768x511.jpg 768w, https:\/\/arketipoic.com\/wp-content\/uploads\/2023\/05\/IMG_3069-1536x1023.jpg 1536w, https:\/\/arketipoic.com\/wp-content\/uploads\/2023\/05\/IMG_3069-2048x1364.jpg 2048w, https:\/\/arketipoic.com\/wp-content\/uploads\/2023\/05\/IMG_3069-350x233.jpg 350w\" sizes=\"100vw\" \/>\t\t\t\t\t\t\t\t\t\t\t\t\t\t\t<\/div>\n\t\t\t\t<\/div>\n\t\t<div class=\"elementor-element elementor-element-dc5bef4 e-con-full e-flex e-con e-child\" data-id=\"dc5bef4\" data-element_type=\"container\" data-e-type=\"container\">\n\t\t\t\t<\/div>\n\t\t\t\t\t<\/div>\n\t\t\t\t<\/div>\n\t\t<div class=\"elementor-element elementor-element-9918dea e-flex e-con-boxed e-con e-parent\" data-id=\"9918dea\" data-element_type=\"container\" data-e-type=\"container\">\n\t\t\t\t\t<div class=\"e-con-inner\">\n\t\t\t\t<div class=\"elementor-element elementor-element-3f66465 elementor-fixed elementor-view-default elementor-invisible elementor-widget elementor-widget-icon\" data-id=\"3f66465\" data-element_type=\"widget\" data-e-type=\"widget\" data-settings=\"{&quot;_position&quot;:&quot;fixed&quot;,&quot;_animation&quot;:&quot;bounce&quot;}\" data-widget_type=\"icon.default\">\n\t\t\t\t\t\t\t<div class=\"elementor-icon-wrapper\">\n\t\t\t<a class=\"elementor-icon\" href=\"https:\/\/wa.link\/8gz1p8\">\n\t\t\t<svg aria-hidden=\"true\" class=\"e-font-icon-svg e-fab-whatsapp-square\" viewBox=\"0 0 448 512\" xmlns=\"http:\/\/www.w3.org\/2000\/svg\"><path d=\"M224 122.8c-72.7 0-131.8 59.1-131.9 131.8 0 24.9 7 49.2 20.2 70.1l3.1 5-13.3 48.6 49.9-13.1 4.8 2.9c20.2 12 43.4 18.4 67.1 18.4h.1c72.6 0 133.3-59.1 133.3-131.8 0-35.2-15.2-68.3-40.1-93.2-25-25-58-38.7-93.2-38.7zm77.5 188.4c-3.3 9.3-19.1 17.7-26.7 18.8-12.6 1.9-22.4.9-47.5-9.9-39.7-17.2-65.7-57.2-67.7-59.8-2-2.6-16.2-21.5-16.2-41s10.2-29.1 13.9-33.1c3.6-4 7.9-5 10.6-5 2.6 0 5.3 0 7.6.1 2.4.1 5.7-.9 8.9 6.8 3.3 7.9 11.2 27.4 12.2 29.4s1.7 4.3.3 6.9c-7.6 15.2-15.7 14.6-11.6 21.6 15.3 26.3 30.6 35.4 53.9 47.1 4 2 6.3 1.7 8.6-1 2.3-2.6 9.9-11.6 12.5-15.5 2.6-4 5.3-3.3 8.9-2 3.6 1.3 23.1 10.9 27.1 12.9s6.6 3 7.6 4.6c.9 1.9.9 9.9-2.4 19.1zM400 32H48C21.5 32 0 53.5 0 80v352c0 26.5 21.5 48 48 48h352c26.5 0 48-21.5 48-48V80c0-26.5-21.5-48-48-48zM223.9 413.2c-26.6 0-52.7-6.7-75.8-19.3L64 416l22.5-82.2c-13.9-24-21.2-51.3-21.2-79.3C65.4 167.1 136.5 96 223.9 96c42.4 0 82.2 16.5 112.2 46.5 29.9 30 47.9 69.8 47.9 112.2 0 87.4-72.7 158.5-160.1 158.5z\"><\/path><\/svg>\t\t\t<\/a>\n\t\t<\/div>\n\t\t\t\t\t\t<\/div>\n\t\t\t\t\t<\/div>\n\t\t\t\t<\/div>\n\t\t\t\t<\/div>\n\t\t","protected":false},"excerpt":{"rendered":"<p>Impresi\u00f3n digital exterior ecosolvente con laminado mate de collage con textura.(Referencia: RIR Arquitectos &#8211; Cambio de imagen tiendas Juan Valdez Caf\u00e9) Impresi\u00f3n digital con tinta l\u00e1tex de textura para cubrimiento de espacio especial.(Referencia: RIR Arquitectos &#8211; Colsubsidio \/ Caf\u00e9de las letras) Impresi\u00f3n con textos corporativos. Inicialesen acr\u00edlico volum\u00e9trico con lacado de acuerdoa colores corporativos..(Referencia: Escobar &hellip; <\/p>\n<p class=\"link-more\"><a href=\"https:\/\/arketipoic.com\/?page_id=630\" class=\"more-link\">Continuar leyendo<span class=\"screen-reader-text\"> &#8220;Murales&#8221;<\/span><\/a><\/p>\n","protected":false},"author":1,"featured_media":0,"parent":0,"menu_order":0,"comment_status":"closed","ping_status":"closed","template":"","meta":{"om_disable_all_campaigns":false,"_monsterinsights_skip_tracking":false,"_monsterinsights_sitenote_active":false,"_monsterinsights_sitenote_note":"","_monsterinsights_sitenote_category":0,"footnotes":""},"class_list":["post-630","page","type-page","status-publish","hentry"],"aioseo_notices":[],"_links":{"self":[{"href":"https:\/\/arketipoic.com\/index.php?rest_route=\/wp\/v2\/pages\/630"}],"collection":[{"href":"https:\/\/arketipoic.com\/index.php?rest_route=\/wp\/v2\/pages"}],"about":[{"href":"https:\/\/arketipoic.com\/index.php?rest_route=\/wp\/v2\/types\/page"}],"author":[{"embeddable":true,"href":"https:\/\/arketipoic.com\/index.php?rest_route=\/wp\/v2\/users\/1"}],"replies":[{"embeddable":true,"href":"https:\/\/arketipoic.com\/index.php?rest_route=%2Fwp%2Fv2%2Fcomments&post=630"}],"version-history":[{"count":25,"href":"https:\/\/arketipoic.com\/index.php?rest_route=\/wp\/v2\/pages\/630\/revisions"}],"predecessor-version":[{"id":1781,"href":"https:\/\/arketipoic.com\/index.php?rest_route=\/wp\/v2\/pages\/630\/revisions\/1781"}],"wp:attachment":[{"href":"https:\/\/arketipoic.com\/index.php?rest_route=%2Fwp%2Fv2%2Fmedia&parent=630"}],"curies":[{"name":"wp","href":"https:\/\/api.w.org\/{rel}","templated":true}]}}